{"id":1528,"date":"2025-06-04T20:03:44","date_gmt":"2025-06-04T20:03:44","guid":{"rendered":"https:\/\/linkbuildingczechrepublic.cz\/?page_id=1528"},"modified":"2025-06-04T20:05:59","modified_gmt":"2025-06-04T20:05:59","slug":"privacy-policy-2","status":"publish","type":"page","link":"https:\/\/linkbuildingczechrepublic.cz\/cs\/privacy-policy-2\/","title":{"rendered":"Z\u00e1sady ochrany osobn\u00edch \u00fadaj\u016f"},"content":{"rendered":"<div data-elementor-type=\"wp-post\" data-elementor-id=\"1528\" class=\"elementor elementor-1528\">\n\t\t\t\t\t\t<section class=\"elementor-section elementor-top-section elementor-element elementor-element-2eccec9 elementor-section-full_width elementor-section-height-default elementor-section-height-default\" data-id=\"2eccec9\" data-element_type=\"section\" data-e-type=\"section\" data-settings=\"{&quot;background_background&quot;:&quot;classic&quot;,&quot;shape_divider_bottom&quot;:&quot;tilt&quot;}\">\n\t\t\t\t\t\t\t<div class=\"elementor-background-overlay\"><\/div>\n\t\t\t\t\t\t<div class=\"elementor-shape elementor-shape-bottom\" aria-hidden=\"true\" data-negative=\"false\">\n\t\t\t<svg xmlns=\"http:\/\/www.w3.org\/2000\/svg\" viewbox=\"0 0 1000 100\" preserveaspectratio=\"none\">\n\t<path class=\"elementor-shape-fill\" d=\"M0,6V0h1000v100L0,6z\"\/>\n<\/svg>\t\t<\/div>\n\t\t\t\t\t<div class=\"elementor-container elementor-column-gap-default\">\n\t\t\t\t\t<div class=\"elementor-column elementor-col-100 elementor-top-column elementor-element elementor-element-405015e\" data-id=\"405015e\" data-element_type=\"column\" data-e-type=\"column\">\n\t\t\t<div class=\"elementor-widget-wrap elementor-element-populated\">\n\t\t\t\t\t\t<section class=\"elementor-section elementor-inner-section elementor-element elementor-element-8c21c3c elementor-section-boxed elementor-section-height-default elementor-section-height-default\" data-id=\"8c21c3c\" data-element_type=\"section\" data-e-type=\"section\">\n\t\t\t\t\t\t<div class=\"elementor-container elementor-column-gap-default\">\n\t\t\t\t\t<div class=\"elementor-column elementor-col-100 elementor-inner-column elementor-element elementor-element-b23014f\" data-id=\"b23014f\" data-element_type=\"column\" data-e-type=\"column\">\n\t\t\t<div class=\"elementor-widget-wrap elementor-element-populated\">\n\t\t\t\t\t\t<div class=\"elementor-element elementor-element-5b99a4c elementor-widget elementor-widget-heading\" data-id=\"5b99a4c\" data-element_type=\"widget\" data-e-type=\"widget\" data-widget_type=\"heading.default\">\n\t\t\t\t<div class=\"elementor-widget-container\">\n\t\t\t\t\t<h2 class=\"elementor-heading-title elementor-size-default\">Z\u00e1sady ochrany osobn\u00edch \u00fadaj\u016f<\/h2>\t\t\t\t<\/div>\n\t\t\t\t<\/div>\n\t\t\t\t\t<\/div>\n\t\t<\/div>\n\t\t\t\t\t<\/div>\n\t\t<\/section>\n\t\t\t\t\t<\/div>\n\t\t<\/div>\n\t\t\t\t\t<\/div>\n\t\t<\/section>\n\t\t<div class=\"elementor-element elementor-element-4c0a516 e-flex e-con-boxed e-con e-parent\" data-id=\"4c0a516\" data-element_type=\"container\" data-e-type=\"container\">\n\t\t\t\t\t<div class=\"e-con-inner\">\n\t\t\t\t<div class=\"elementor-element elementor-element-c68a7a0 elementor-widget elementor-widget-text-editor\" data-id=\"c68a7a0\" data-element_type=\"widget\" data-e-type=\"widget\" data-widget_type=\"text-editor.default\">\n\t\t\t\t<div class=\"elementor-widget-container\">\n\t\t\t\t\t\t\t\t\t<p><\/p><p>Datum \u00fa\u010dinnosti: [06.2025]<\/p><p> <\/p><p>Na adrese <strong>linkbuildingczechrepublic.cz<\/strong>, je pro n\u00e1s va\u0161e soukrom\u00ed prioritou a zavazujeme se chr\u00e1nit va\u0161e osobn\u00ed \u00fadaje. Tyto z\u00e1sady ochrany osobn\u00edch \u00fadaj\u016f popisuj\u00ed typy informac\u00ed, kter\u00e9 shroma\u017e\u010fujeme, jak je pou\u017e\u00edv\u00e1me a jak chr\u00e1n\u00edme va\u0161e soukrom\u00ed p\u0159i n\u00e1v\u0161t\u011bv\u011b na\u0161ich webov\u00fdch str\u00e1nek.<\/p><p> <\/p><p>Pokud m\u00e1te jak\u00e9koli dotazy nebo pot\u0159ebujete dal\u0161\u00ed informace t\u00fdkaj\u00edc\u00ed se na\u0161ich z\u00e1sad ochrany osobn\u00edch \u00fadaj\u016f, nev\u00e1hejte n\u00e1s kontaktovat.<\/p><p> <\/p><p>Tyto Z\u00e1sady ochrany osobn\u00edch \u00fadaj\u016f se vztahuj\u00ed v\u00fdhradn\u011b na na\u0161e online aktivity a plat\u00ed pro n\u00e1v\u0161t\u011bvn\u00edky na\u0161ich webov\u00fdch str\u00e1nek s ohledem na informace, kter\u00e9 sd\u00edlej\u00ed a\/nebo shroma\u017e\u010fuj\u00ed v r\u00e1mci <strong>linkbuildingczechrepublic.cz<\/strong>. Tyto z\u00e1sady se nevztahuj\u00ed na \u017e\u00e1dn\u00e9 informace shrom\u00e1\u017ed\u011bn\u00e9 offline nebo prost\u0159ednictv\u00edm jin\u00fdch kan\u00e1l\u016f, ne\u017e jsou tyto webov\u00e9 str\u00e1nky.<\/p><p> <\/p><h3 class=\"wp-block-heading\">1. <strong>Souhlas<\/strong><\/h3><p> <\/p><p>Pou\u017e\u00edv\u00e1n\u00edm na\u0161ich webov\u00fdch str\u00e1nek vyjad\u0159ujete souhlas s na\u0161imi z\u00e1sadami ochrany osobn\u00edch \u00fadaj\u016f a souhlas\u00edte s jejich podm\u00ednkami.<\/p><p> <\/p><h3 class=\"wp-block-heading\">2. <strong>Informace, kter\u00e9 shroma\u017e\u010fujeme<\/strong><\/h3><p> <\/p><p>Osobn\u00ed \u00fadaje, kter\u00e9 shroma\u017e\u010fujeme, v\u00e1m budou vysv\u011btleny v okam\u017eiku, kdy v\u00e1s po\u017e\u00e1d\u00e1me o jejich poskytnut\u00ed. Pokud n\u00e1s kontaktujete p\u0159\u00edmo, m\u016f\u017eeme z\u00edskat dal\u0161\u00ed informace, jako je va\u0161e jm\u00e9no, e-mailov\u00e1 adresa, telefonn\u00ed \u010d\u00edslo a obsah odeslan\u00e9 zpr\u00e1vy.<\/p><p> <\/p><p>P\u0159i registraci \u00fa\u010dtu si m\u016f\u017eeme vy\u017e\u00e1dat kontaktn\u00ed \u00fadaje v\u010detn\u011b va\u0161eho jm\u00e9na, n\u00e1zvu spole\u010dnosti, adresy, e-mailov\u00e9 adresy a telefonn\u00edho \u010d\u00edsla.<\/p><p> <\/p><h3 class=\"wp-block-heading\">3. <strong>Jak pou\u017e\u00edv\u00e1me va\u0161e informace<\/strong><\/h3><p> <\/p><p>Shrom\u00e1\u017ed\u011bn\u00e9 informace pou\u017e\u00edv\u00e1me r\u016fzn\u00fdmi zp\u016fsoby, v\u010detn\u011b:<\/p><p> <\/p><ul class=\"wp-block-list\"><li>Poskytov\u00e1n\u00ed, provoz a \u00fadr\u017eba na\u0161ich webov\u00fdch str\u00e1nek.<\/li> <li>Zlep\u0161ovat, p\u0159izp\u016fsobovat a roz\u0161i\u0159ovat na\u0161e webov\u00e9 str\u00e1nky.<\/li> <li>Abychom pochopili a analyzovali, jak na\u0161e webov\u00e9 str\u00e1nky pou\u017e\u00edv\u00e1te.<\/li> <li>V\u00fdvoj nov\u00fdch produkt\u016f, slu\u017eeb, funkc\u00ed a prvk\u016f.<\/li> <li>Ke komunikaci s v\u00e1mi, v\u010detn\u011b z\u00e1kaznick\u00e9ho servisu, aktualizac\u00ed, marketingu a propaga\u010dn\u00edch \u00fa\u010del\u016f.<\/li> <li>Zabr\u00e1nit podvod\u016fm a zajistit bezpe\u010dnost.<\/li><\/ul><p> <\/p><h3 class=\"wp-block-heading\">4. <strong>Soubory protokolu<\/strong><\/h3><p> <\/p><p>Stejn\u011b jako mnoho jin\u00fdch webov\u00fdch str\u00e1nek pou\u017e\u00edv\u00e1me protokolov\u00e9 soubory. Tyto soubory zaznamen\u00e1vaj\u00ed n\u00e1v\u0161t\u011bvn\u00edky p\u0159i n\u00e1v\u0161t\u011bv\u011b na\u0161ich webov\u00fdch str\u00e1nek. Informace shrom\u00e1\u017ed\u011bn\u00e9 v t\u011bchto souborech zahrnuj\u00ed IP adresy, typy prohl\u00ed\u017ee\u010d\u016f, poskytovatele internetov\u00fdch slu\u017eeb (ISP), \u010dasov\u00e9 zna\u010dky a odkazuj\u00edc\u00ed\/v\u00fdstupn\u00ed str\u00e1nky. Tyto \u00fadaje slou\u017e\u00ed k anal\u00fdze trend\u016f, spr\u00e1v\u011b webu a sledov\u00e1n\u00ed pohybu u\u017eivatel\u016f po webu.<\/p><p> <\/p><h3 class=\"wp-block-heading\">5. <strong>Soubory cookie a webov\u00e9 maj\u00e1ky<\/strong><\/h3><p> <\/p><p>Soubory cookie pou\u017e\u00edv\u00e1me k ukl\u00e1d\u00e1n\u00ed informac\u00ed o va\u0161ich preferenc\u00edch a k p\u0159izp\u016fsoben\u00ed obsahu na\u0161ich webov\u00fdch str\u00e1nek na z\u00e1klad\u011b typu prohl\u00ed\u017ee\u010de a dal\u0161\u00edch informac\u00ed. Pou\u017e\u00edv\u00e1n\u00ed soubor\u016f cookie m\u016f\u017eete ovl\u00e1dat prost\u0159ednictv\u00edm nastaven\u00ed prohl\u00ed\u017ee\u010de, ale m\u016f\u017ee to m\u00edt vliv na va\u0161e u\u017eivatelsk\u00e9 prost\u0159ed\u00ed.<\/p><p> <\/p><p>Dal\u0161\u00ed obecn\u00e9 informace o souborech cookie naleznete v \u010d\u00e1sti \"Co jsou soubory cookie\" v dokumentu Souhlas se soubory cookie.<\/p><p> <\/p><h3 class=\"wp-block-heading\">6. <strong>Reklamn\u00ed partne\u0159i Z\u00e1sady ochrany osobn\u00edch \u00fadaj\u016f<\/strong><\/h3><p> <\/p><p>Na\u0161i reklamn\u00ed partne\u0159i mohou pou\u017e\u00edvat soubory cookie, JavaScript nebo webov\u00e9 maj\u00e1ky k personalizaci a m\u011b\u0159en\u00ed \u00fa\u010dinnosti sv\u00fdch reklam a\/nebo k poskytov\u00e1n\u00ed relevantn\u00edho obsahu. Tyto reklamn\u00ed servery nebo s\u00edt\u011b t\u0159et\u00edch stran p\u0159i pou\u017eit\u00ed t\u011bchto technologi\u00ed automaticky obdr\u017e\u00ed va\u0161i IP adresu.<\/p><p> <\/p><p>Soubory cookie pou\u017e\u00edvan\u00e9 inzerenty t\u0159et\u00edch stran nekontrolujeme.<\/p><p> <\/p><h3 class=\"wp-block-heading\">7. <strong>Z\u00e1sady ochrany osobn\u00edch \u00fadaj\u016f t\u0159et\u00edch stran<\/strong><\/h3><p> <\/p><p>Tyto z\u00e1sady ochrany osobn\u00edch \u00fadaj\u016f se nevztahuj\u00ed na inzerenty nebo webov\u00e9 str\u00e1nky t\u0159et\u00edch stran. Doporu\u010dujeme v\u00e1m, abyste si prostudovali p\u0159\u00edslu\u0161n\u00e9 z\u00e1sady ochrany osobn\u00edch \u00fadaj\u016f t\u011bchto reklamn\u00edch server\u016f t\u0159et\u00edch stran, kde najdete podrobn\u011bj\u0161\u00ed informace.<\/p><p> <\/p><p>Soubory cookie m\u016f\u017eete zak\u00e1zat v nastaven\u00ed prohl\u00ed\u017ee\u010de. Dal\u0161\u00ed informace o spr\u00e1v\u011b soubor\u016f cookie naleznete na ofici\u00e1ln\u00edch str\u00e1nk\u00e1ch prohl\u00ed\u017ee\u010de.<\/p><p> <\/p><h3 class=\"wp-block-heading\">8. <strong>Pr\u00e1va na ochranu osobn\u00edch \u00fadaj\u016f CCPA (neprod\u00e1vejte m\u00e9 osobn\u00ed \u00fadaje)<\/strong><\/h3><p> <\/p><p>Podle kalifornsk\u00e9ho z\u00e1kona o ochran\u011b soukrom\u00ed spot\u0159ebitel\u016f (CCPA) maj\u00ed obyvatel\u00e9 Kalifornie pr\u00e1vo na:<\/p><p> <\/p><ul class=\"wp-block-list\"><li>po\u017eadovat, aby podnik zve\u0159ejnil kategorie a konkr\u00e9tn\u00ed osobn\u00ed \u00fadaje, kter\u00e9 o spot\u0159ebiteli shrom\u00e1\u017edil.<\/li> <li>po\u017eadovat, aby podnik vymazal v\u0161echny osobn\u00ed \u00fadaje, kter\u00e9 o spot\u0159ebiteli shrom\u00e1\u017edil.<\/li> <li>po\u017eadovat, aby podnik, kter\u00fd prod\u00e1v\u00e1 osobn\u00ed \u00fadaje, neprod\u00e1val \u00fadaje spot\u0159ebitele.<\/li><\/ul><p> <\/p><p>Pokud pod\u00e1te \u017e\u00e1dost, m\u00e1me jeden m\u011bs\u00edc na odpov\u011b\u010f. Chcete-li tato pr\u00e1va uplatnit, kontaktujte n\u00e1s.<\/p><p> <\/p><h3 class=\"wp-block-heading\">9. <strong>Pr\u00e1va na ochranu \u00fadaj\u016f podle GDPR<\/strong><\/h3><p> <\/p><p>V r\u00e1mci obecn\u00e9ho na\u0159\u00edzen\u00ed o ochran\u011b osobn\u00edch \u00fadaj\u016f (GDPR) m\u00e1te n\u00e1rok na n\u00e1sleduj\u00edc\u00ed pr\u00e1va:<\/p><p> <\/p><ul class=\"wp-block-list\"><li><strong>Pr\u00e1vo na p\u0159\u00edstup<\/strong>: M\u00e1te pr\u00e1vo po\u017e\u00e1dat o kopie sv\u00fdch osobn\u00edch \u00fadaj\u016f. Za tuto slu\u017ebu m\u016f\u017eeme \u00fa\u010dtovat mal\u00fd poplatek.<\/li> <li><strong>Pr\u00e1vo na opravu<\/strong>: M\u00e1te pr\u00e1vo po\u017e\u00e1dat o opravu nep\u0159esn\u00fdch \u00fadaj\u016f.<\/li> <li><strong>Pr\u00e1vo na v\u00fdmaz<\/strong>: Za ur\u010dit\u00fdch podm\u00ednek m\u00e1te pr\u00e1vo po\u017e\u00e1dat o vymaz\u00e1n\u00ed sv\u00fdch osobn\u00edch \u00fadaj\u016f.<\/li> <li><strong>Pr\u00e1vo na omezen\u00ed zpracov\u00e1n\u00ed<\/strong>: Za ur\u010dit\u00fdch podm\u00ednek m\u00e1te pr\u00e1vo po\u017e\u00e1dat o omezen\u00ed zpracov\u00e1n\u00ed sv\u00fdch osobn\u00edch \u00fadaj\u016f.<\/li> <li><strong>Pr\u00e1vo vzn\u00e9st n\u00e1mitku proti zpracov\u00e1n\u00ed<\/strong>: Za ur\u010dit\u00fdch podm\u00ednek m\u00e1te pr\u00e1vo vzn\u00e9st n\u00e1mitku proti zpracov\u00e1n\u00ed va\u0161ich osobn\u00edch \u00fadaj\u016f.<\/li> <li><strong>Pr\u00e1vo na p\u0159enositelnost \u00fadaj\u016f<\/strong>: Za ur\u010dit\u00fdch podm\u00ednek m\u00e1te pr\u00e1vo po\u017e\u00e1dat o p\u0159ed\u00e1n\u00ed sv\u00fdch \u00fadaj\u016f jin\u00e9 organizaci nebo p\u0159\u00edmo v\u00e1m.<\/li><\/ul><p> <\/p><p>Pokud pod\u00e1te \u017e\u00e1dost, m\u00e1me jeden m\u011bs\u00edc na odpov\u011b\u010f. Chcete-li uplatnit kter\u00e9koli z t\u011bchto pr\u00e1v, kontaktujte n\u00e1s.<\/p><p> <\/p><h3 class=\"wp-block-heading\">10. <strong>Informace pro d\u011bti<\/strong><\/h3><p> <\/p><p>Ochrana soukrom\u00ed d\u011bt\u00ed na internetu je pro n\u00e1s prioritou. V\u011bdom\u011b neshroma\u017e\u010fujeme ani nevy\u017eadujeme osobn\u00ed \u00fadaje od osob mlad\u0161\u00edch 13 let. Pokud zjist\u00edme, \u017ee jsme takov\u00e9 \u00fadaje ne\u00famysln\u011b shrom\u00e1\u017edili, podnikneme kroky k jejich co nejrychlej\u0161\u00edmu odstran\u011bn\u00ed.<\/p><p> <\/p><h3 class=\"wp-block-heading\">11. <strong>Zm\u011bny t\u011bchto z\u00e1sad ochrany osobn\u00edch \u00fadaj\u016f<\/strong><\/h3><p> <\/p><p>Tyto z\u00e1sady ochrany osobn\u00edch \u00fadaj\u016f m\u016f\u017eeme \u010das od \u010dasu aktualizovat. Ve\u0161ker\u00e9 zm\u011bny budou zve\u0159ejn\u011bny na t\u00e9to str\u00e1nce a \"Datum \u00fa\u010dinnosti\" bude odpov\u00eddaj\u00edc\u00edm zp\u016fsobem aktualizov\u00e1no. Doporu\u010dujeme v\u00e1m, abyste tyto Z\u00e1sady ochrany osobn\u00edch \u00fadaj\u016f pravideln\u011b kontrolovali.<\/p><p> <\/p><h3 class=\"wp-block-heading\">12. <strong>Kontaktujte n\u00e1s<\/strong><\/h3><p> <\/p><p>Pokud m\u00e1te jak\u00e9koli dotazy nebo obavy t\u00fdkaj\u00edc\u00ed se t\u011bchto z\u00e1sad ochrany osobn\u00edch \u00fadaj\u016f nebo va\u0161ich osobn\u00edch \u00fadaj\u016f, kontaktujte n\u00e1s:<\/p><p> <\/p><p>Pomoc\u00ed <strong>linkbuildingczechrepublic.cz<\/strong>potvrzujete, \u017ee jste si p\u0159e\u010detli tyto z\u00e1sady ochrany osobn\u00edch \u00fadaj\u016f a \u017ee jste jim porozum\u011bli.<\/p><p><\/p>\t\t\t\t\t\t\t\t<\/div>\n\t\t\t\t<\/div>\n\t\t\t\t\t<\/div>\n\t\t\t\t<\/div>\n\t\t\t\t<\/div>","protected":false},"excerpt":{"rendered":"<p>Z\u00e1sady ochrany osobn\u00edch \u00fadaj\u016f Datum \u00fa\u010dinnosti: [06.2025] Na linkbuildingczechrepublic.cz klademe d\u016fraz na va\u0161e soukrom\u00ed a zavazujeme se chr\u00e1nit va\u0161e osobn\u00ed \u00fadaje. Tyto z\u00e1sady ochrany osobn\u00edch \u00fadaj\u016f popisuj\u00ed typy informac\u00ed, kter\u00e9 shroma\u017e\u010fujeme, zp\u016fsob jejich pou\u017eit\u00ed a...<\/p>","protected":false},"author":1,"featured_media":0,"parent":0,"menu_order":0,"comment_status":"closed","ping_status":"closed","template":"template-parts\/template-page-builders.php","meta":{"footnotes":""},"class_list":["post-1528","page","type-page","status-publish","hentry"],"_links":{"self":[{"href":"https:\/\/linkbuildingczechrepublic.cz\/cs\/wp-json\/wp\/v2\/pages\/1528","targetHints":{"allow":["GET"]}}],"collection":[{"href":"https:\/\/linkbuildingczechrepublic.cz\/cs\/wp-json\/wp\/v2\/pages"}],"about":[{"href":"https:\/\/linkbuildingczechrepublic.cz\/cs\/wp-json\/wp\/v2\/types\/page"}],"author":[{"embeddable":true,"href":"https:\/\/linkbuildingczechrepublic.cz\/cs\/wp-json\/wp\/v2\/users\/1"}],"replies":[{"embeddable":true,"href":"https:\/\/linkbuildingczechrepublic.cz\/cs\/wp-json\/wp\/v2\/comments?post=1528"}],"version-history":[{"count":4,"href":"https:\/\/linkbuildingczechrepublic.cz\/cs\/wp-json\/wp\/v2\/pages\/1528\/revisions"}],"predecessor-version":[{"id":1533,"href":"https:\/\/linkbuildingczechrepublic.cz\/cs\/wp-json\/wp\/v2\/pages\/1528\/revisions\/1533"}],"wp:attachment":[{"href":"https:\/\/linkbuildingczechrepublic.cz\/cs\/wp-json\/wp\/v2\/media?parent=1528"}],"curies":[{"name":"wp","href":"https:\/\/api.w.org\/{rel}","templated":true}]}}