{"id":1534,"date":"2025-06-04T20:06:40","date_gmt":"2025-06-04T20:06:40","guid":{"rendered":"https:\/\/linkbuildingczechrepublic.cz\/?page_id=1534"},"modified":"2025-06-04T20:09:07","modified_gmt":"2025-06-04T20:09:07","slug":"terms-and-conditions","status":"publish","type":"page","link":"https:\/\/linkbuildingczechrepublic.cz\/cs\/terms-and-conditions\/","title":{"rendered":"Podm\u00ednky a pravidla"},"content":{"rendered":"<div data-elementor-type=\"wp-post\" data-elementor-id=\"1534\" class=\"elementor elementor-1534\">\n\t\t\t\t\t\t<section class=\"elementor-section elementor-top-section elementor-element elementor-element-2eccec9 elementor-section-full_width elementor-section-height-default elementor-section-height-default\" data-id=\"2eccec9\" data-element_type=\"section\" data-e-type=\"section\" data-settings=\"{&quot;background_background&quot;:&quot;classic&quot;,&quot;shape_divider_bottom&quot;:&quot;tilt&quot;}\">\n\t\t\t\t\t\t\t<div class=\"elementor-background-overlay\"><\/div>\n\t\t\t\t\t\t<div class=\"elementor-shape elementor-shape-bottom\" aria-hidden=\"true\" data-negative=\"false\">\n\t\t\t<svg xmlns=\"http:\/\/www.w3.org\/2000\/svg\" viewbox=\"0 0 1000 100\" preserveaspectratio=\"none\">\n\t<path class=\"elementor-shape-fill\" d=\"M0,6V0h1000v100L0,6z\"\/>\n<\/svg>\t\t<\/div>\n\t\t\t\t\t<div class=\"elementor-container elementor-column-gap-default\">\n\t\t\t\t\t<div class=\"elementor-column elementor-col-100 elementor-top-column elementor-element elementor-element-405015e\" data-id=\"405015e\" data-element_type=\"column\" data-e-type=\"column\">\n\t\t\t<div class=\"elementor-widget-wrap elementor-element-populated\">\n\t\t\t\t\t\t<section class=\"elementor-section elementor-inner-section elementor-element elementor-element-8c21c3c elementor-section-boxed elementor-section-height-default elementor-section-height-default\" data-id=\"8c21c3c\" data-element_type=\"section\" data-e-type=\"section\">\n\t\t\t\t\t\t<div class=\"elementor-container elementor-column-gap-default\">\n\t\t\t\t\t<div class=\"elementor-column elementor-col-100 elementor-inner-column elementor-element elementor-element-b23014f\" data-id=\"b23014f\" data-element_type=\"column\" data-e-type=\"column\">\n\t\t\t<div class=\"elementor-widget-wrap elementor-element-populated\">\n\t\t\t\t\t\t<div class=\"elementor-element elementor-element-5b99a4c elementor-widget elementor-widget-heading\" data-id=\"5b99a4c\" data-element_type=\"widget\" data-e-type=\"widget\" data-widget_type=\"heading.default\">\n\t\t\t\t<div class=\"elementor-widget-container\">\n\t\t\t\t\t<h2 class=\"elementor-heading-title elementor-size-default\">Podm\u00ednky a pravidla<\/h2>\t\t\t\t<\/div>\n\t\t\t\t<\/div>\n\t\t\t\t\t<\/div>\n\t\t<\/div>\n\t\t\t\t\t<\/div>\n\t\t<\/section>\n\t\t\t\t\t<\/div>\n\t\t<\/div>\n\t\t\t\t\t<\/div>\n\t\t<\/section>\n\t\t<div class=\"elementor-element elementor-element-c327346 e-flex e-con-boxed e-con e-parent\" data-id=\"c327346\" data-element_type=\"container\" data-e-type=\"container\">\n\t\t\t\t\t<div class=\"e-con-inner\">\n\t\t\t\t<div class=\"elementor-element elementor-element-e65a3d9 elementor-widget elementor-widget-text-editor\" data-id=\"e65a3d9\" data-element_type=\"widget\" data-e-type=\"widget\" data-widget_type=\"text-editor.default\">\n\t\t\t\t<div class=\"elementor-widget-container\">\n\t\t\t\t\t\t\t\t\t<p><\/p><p>Datum \u00fa\u010dinnosti: [vlo\u017ete datum]<\/p><p> <\/p><p>D\u011bkujeme v\u00e1m, \u017ee pou\u017e\u00edv\u00e1te na\u0161e produkty a slu\u017eby (d\u00e1le jen \"slu\u017eba\"). Slu\u017ebu poskytuje [n\u00e1zev spole\u010dnosti], (d\u00e1le jen \"my\", \"n\u00e1s\" nebo \"na\u0161e\"), se s\u00eddlem na adrese [vlo\u017ete adresu], \u010cesk\u00e1 republika. Pou\u017e\u00edv\u00e1n\u00edm na\u0161\u00ed Slu\u017eby souhlas\u00edte s t\u011bmito podm\u00ednkami. P\u0159e\u010dt\u011bte si je pros\u00edm pozorn\u011b.<\/p><p> <\/p><h3 class=\"wp-block-heading\">1. <strong>Pou\u017e\u00edv\u00e1n\u00ed na\u0161ich slu\u017eeb<\/strong><\/h3><p> <\/p><p>Pou\u017e\u00edv\u00e1n\u00edm na\u0161\u00ed slu\u017eby nez\u00edsk\u00e1v\u00e1te \u017e\u00e1dn\u00e1 vlastnick\u00e1 pr\u00e1va k na\u0161\u00ed slu\u017eb\u011b ani k obsahu, ke kter\u00e9mu m\u00e1te p\u0159\u00edstup. Na\u0161e slu\u017eba m\u016f\u017ee obsahovat obsah, kter\u00fd nen\u00ed p\u0159\u00edmo vlastn\u011bn Linkbuildingczechrepublic.cz. Za tento obsah nese v\u00fdhradn\u00ed odpov\u011bdnost subjekt, kter\u00fd jej zp\u0159\u00edstup\u0148uje. Obsah m\u016f\u017eeme kontrolovat, abychom zjistili, zda nen\u00ed nez\u00e1konn\u00fd nebo zda neporu\u0161uje na\u0161e z\u00e1sady, a obsah, kter\u00fd podle na\u0161eho n\u00e1zoru poru\u0161uje na\u0161e z\u00e1sady nebo z\u00e1kon, m\u016f\u017eeme odstranit nebo odm\u00edtnout zobrazit. To v\u0161ak neznamen\u00e1, \u017ee kontrolujeme ve\u0161ker\u00fd obsah, tak\u017ee to nep\u0159edpokl\u00e1dejte.<\/p><p> <\/p><h3 class=\"wp-block-heading\">2. <strong>Popis slu\u017eby<\/strong><\/h3><p> <\/p><p>Linkbuildingczechrepublic.cz poskytuje p\u0159\u00edstup k bohat\u00e9 sb\u00edrce zdroj\u016f. Slu\u017eba m\u016f\u017ee obsahovat ur\u010dit\u00e1 sd\u011blen\u00ed z na\u0161\u00ed strany, jako jsou ozn\u00e1men\u00ed o slu\u017eb\u00e1ch a administrativn\u00ed zpr\u00e1vy. Pokud nen\u00ed uvedeno jinak, ve\u0161ker\u00e9 nov\u00e9 funkce nebo n\u00e1stroje souvisej\u00edc\u00ed se slu\u017ebou podl\u00e9haj\u00ed t\u00e9to smlouv\u011b. Slu\u017eba vy\u017eaduje p\u0159ipojen\u00ed k internetu a vy jste zodpov\u011bdn\u00ed za z\u00edsk\u00e1n\u00ed pot\u0159ebn\u00e9ho internetov\u00e9ho nebo s\u00ed\u0165ov\u00e9ho p\u0159ipojen\u00ed pro p\u0159\u00edstup k n\u00ed.<\/p><p> <\/p><p>Jste tak\u00e9 zodpov\u011bdn\u00ed za po\u0159\u00edzen\u00ed a \u00fadr\u017ebu ve\u0161ker\u00e9ho pot\u0159ebn\u00e9ho vybaven\u00ed a zaji\u0161t\u011bn\u00ed toho, aby va\u0161e p\u0159ipojen\u00ed spl\u0148ovalo standardy pro optim\u00e1ln\u00ed v\u00fdkon slu\u017eby. Linkbuildingczechrepublic.cz nenese odpov\u011bdnost za jak\u00e9koli n\u00e1roky nebo ztr\u00e1ty vypl\u00fdvaj\u00edc\u00ed z probl\u00e9m\u016f s konektivitou nebo vybaven\u00edm.<\/p><p> <\/p><h3 class=\"wp-block-heading\">3. <strong>Povinnosti registrace<\/strong><\/h3><p> <\/p><p>Jako registrovan\u00fd u\u017eivatel prohla\u0161ujete, \u017ee jste plnolet\u00ed a m\u016f\u017eete uzav\u0159\u00edt z\u00e1vaznou smlouvu. Souhlas\u00edte s t\u00edm, \u017ee poskytnete pravdiv\u00e9, p\u0159esn\u00e9, aktu\u00e1ln\u00ed a \u00fapln\u00e9 informace, jak jste vyzv\u00e1ni b\u011bhem registrace (\"registra\u010dn\u00ed \u00fadaje\"), a \u017ee budete tyto informace aktualizovat. Pokud zjist\u00edme, \u017ee n\u011bkter\u00e9 \u00fadaje jsou nepravdiv\u00e9, nep\u0159esn\u00e9 nebo ne\u00fapln\u00e9, m\u016f\u017eeme pozastavit nebo zru\u0161it v\u00e1\u0161 \u00fa\u010det a odm\u00edtnout budouc\u00ed pou\u017e\u00edv\u00e1n\u00ed slu\u017eby.<\/p><p> <\/p><h3 class=\"wp-block-heading\">4. <strong>Z\u00e1kaz dal\u0161\u00edho prodeje nebo \u0161\u00ed\u0159en\u00ed slu\u017eby<\/strong><\/h3><p> <\/p><p>Slu\u017ebu m\u016f\u017eete pou\u017e\u00edvat pouze pro intern\u00ed \u00fa\u010dely, k z\u00edsk\u00e1n\u00ed informac\u00ed a anal\u00fdz pro optimalizaci va\u0161ich webov\u00fdch str\u00e1nek a souvisej\u00edc\u00edch kampan\u00ed. Souhlas\u00edte s t\u00edm, \u017ee nebudete reprodukovat, prod\u00e1vat, obchodovat, p\u0159eprod\u00e1vat, upravovat nebo vyu\u017e\u00edvat jakoukoli \u010d\u00e1st Slu\u017eby nebo jej\u00edho obsahu bez v\u00fdslovn\u00e9ho povolen\u00ed Linkbuildingczechrepublic.cz.<\/p><p> <\/p><p>Jste zodpov\u011bdn\u00ed za v\u0161echny \u010dinnosti prov\u00e1d\u011bn\u00e9 prost\u0159ednictv\u00edm sv\u00e9ho \u00fa\u010dtu a mus\u00edte zachov\u00e1vat d\u016fv\u011brnost sv\u00fdch p\u0159ihla\u0161ovac\u00edch \u00fadaj\u016f.<\/p><p> <\/p><h3 class=\"wp-block-heading\">5. <strong>P\u0159\u00edstup k \u00fa\u010dtu<\/strong><\/h3><p> <\/p><p>Pro dokon\u010den\u00ed procesu p\u0159ihl\u00e1\u0161en\u00ed k odb\u011bru je nutn\u00e9 zadat platnou e-mailovou adresu a dal\u0161\u00ed pot\u0159ebn\u00e9 informace. Va\u0161e p\u0159ihla\u0161ovac\u00ed \u00fadaje jsou ur\u010deny pouze pro individu\u00e1ln\u00ed pou\u017eit\u00ed a nesm\u00ed b\u00fdt sd\u00edleny s jin\u00fdmi osobami. Vyhrazujeme si pr\u00e1vo pozastavit nebo zru\u0161it v\u00e1\u0161 p\u0159\u00edstup v p\u0159\u00edpad\u011b zji\u0161t\u011bn\u00ed podez\u0159el\u00e9 aktivity.<\/p><p> <\/p><h3 class=\"wp-block-heading\">6. <strong>Slu\u017eby a marketingov\u00e1 sd\u011blen\u00ed<\/strong><\/h3><p> <\/p><p>Registrac\u00ed u n\u00e1s souhlas\u00edte se zas\u00edl\u00e1n\u00edm e-mail\u016f od Linkbuildingczechrepublic.cz t\u00fdkaj\u00edc\u00edch se aktualizac\u00ed, propaga\u010dn\u00edch akc\u00ed a syst\u00e9mov\u00fdch ozn\u00e1men\u00ed. Tyto e-maily m\u016f\u017eete kdykoli odhl\u00e1sit pomoc\u00ed odkazu \"Odhl\u00e1sit\" uveden\u00e9ho v ka\u017ed\u00e9m e-mailu.<\/p><p> <\/p><h3 class=\"wp-block-heading\">7. <strong>Neopr\u00e1vn\u011bn\u00ed u\u017eivatel\u00e9<\/strong><\/h3><p> <\/p><p>\u00da\u010dty mus\u00ed b\u00fdt registrov\u00e1ny lidmi. \u00da\u010dty vytvo\u0159en\u00e9 pomoc\u00ed bot\u016f nebo jin\u00fdch automatizovan\u00fdch metod jsou zak\u00e1z\u00e1ny.<\/p><p> <\/p><h3 class=\"wp-block-heading\">8. <strong>Neopr\u00e1vn\u011bn\u00e9 pou\u017eit\u00ed<\/strong><\/h3><p> <\/p><p>Souhlas\u00edte s t\u00edm, \u017ee nebudete Slu\u017ebu \u017e\u00e1dn\u00fdm zp\u016fsobem ani formou upravovat, nabour\u00e1vat ani s n\u00ed manipulovat. Jak\u00e9koli pokusy o z\u00edsk\u00e1n\u00ed neopr\u00e1vn\u011bn\u00e9ho p\u0159\u00edstupu ke slu\u017eb\u011b nebo jej\u00edm syst\u00e9m\u016fm jsou zak\u00e1z\u00e1ny. Linkbuildingczechrepublic.cz m\u016f\u017ee pozastavit nebo zablokovat p\u0159\u00edstup u\u017eivatel\u016fm, kte\u0159\u00ed poru\u0161\u00ed tyto podm\u00ednky.<\/p><p> <\/p><h3 class=\"wp-block-heading\">9. <strong>Blokov\u00e1n\u00ed IP adres<\/strong><\/h3><p> <\/p><p>V z\u00e1jmu ochrany integrity na\u0161\u00ed slu\u017eby si vyhrazujeme pr\u00e1vo zablokovat p\u0159\u00edstup z ur\u010dit\u00fdch IP adres, pokud zjist\u00edme podez\u0159elou aktivitu.<\/p><p> <\/p><h3 class=\"wp-block-heading\">10. <strong>Z\u00e1sady vracen\u00ed pen\u011bz<\/strong><\/h3><p> <\/p><p>Linkbuildingczechrepublic.cz nen\u00ed povinen vr\u00e1tit pen\u00edze, pokud to nevy\u017eaduje z\u00e1kon. Jak\u00e1koli \u010d\u00e1stka zaplacen\u00e1 za p\u0159edplatn\u00e9 je nevratn\u00e1 a vyhrazujeme si pr\u00e1vo odm\u00edtnout jakoukoli \u017e\u00e1dost o vr\u00e1cen\u00ed pen\u011bz, pokud je na va\u0161em \u00fa\u010dtu v\u00fdznamn\u00e1 aktivita.<\/p><p> <\/p><h3 class=\"wp-block-heading\">11. <strong>Zru\u0161en\u00ed slu\u017eby<\/strong><\/h3><p> <\/p><p>V\u00e1\u0161 p\u0159\u00edstup ke slu\u017eb\u011b m\u016f\u017eeme zru\u0161it nebo pozastavit v p\u0159\u00edpad\u011b poru\u0161en\u00ed t\u011bchto podm\u00ednek, neobvykl\u00e9ho zp\u016fsobu pou\u017e\u00edv\u00e1n\u00ed, pokus\u016f o po\u0161kozen\u00ed na\u0161\u00ed pov\u011bsti nebo \u017e\u00e1dost\u00ed pr\u00e1vn\u00edch org\u00e1n\u016f.<\/p><p> <\/p><h3 class=\"wp-block-heading\">12. <strong>Sb\u011br a pou\u017eit\u00ed dat<\/strong><\/h3><p> <\/p><p>Souhlas\u00edte s t\u00edm, \u017ee m\u016f\u017eeme anonymizovat a agregovat data, kter\u00e1 se slu\u017ebou sd\u00edl\u00edte, v\u010detn\u011b dat spojen\u00fdch s \u00fa\u010dty Google Analytics a Google Search Console, za \u00fa\u010delem zlep\u0161en\u00ed slu\u017eby.<\/p><p> <\/p><h3 class=\"wp-block-heading\">13. <strong>\u00dapravy slu\u017eby<\/strong><\/h3><p> <\/p><p>Slu\u017ebu m\u016f\u017eeme kdykoli upravit nebo ukon\u010dit, p\u0159idat nebo odebrat funkce. Pokud si ji\u017e nep\u0159ejete Slu\u017ebu pou\u017e\u00edvat, m\u016f\u017eete ji kdykoli p\u0159estat pou\u017e\u00edvat. Linkbuildingczechrepublic.cz nenese odpov\u011bdnost za p\u0159\u00edpadn\u00e9 ztr\u00e1ty nebo \u0161kody zp\u016fsoben\u00e9 zm\u011bnami nebo ukon\u010den\u00edm slu\u017eby.<\/p><p> <\/p><h3 class=\"wp-block-heading\">14. <strong>Odkazy<\/strong><\/h3><p> <\/p><p>Slu\u017eba m\u016f\u017ee obsahovat odkazy na webov\u00e9 str\u00e1nky t\u0159et\u00edch stran. Nejsme zodpov\u011bdn\u00ed za dostupnost nebo obsah t\u011bchto webov\u00fdch str\u00e1nek a neschvalujeme ani neru\u010d\u00edme za slu\u017eby nebo informace nab\u00edzen\u00e9 t\u011bmito extern\u00edmi str\u00e1nkami.<\/p><p> <\/p><h3 class=\"wp-block-heading\">15. <strong>Odpov\u011bdnost za na\u0161e slu\u017eby<\/strong><\/h3><p> <\/p><p>Slu\u017eba je poskytov\u00e1na ve stavu, v jak\u00e9m se nach\u00e1z\u00ed, a ve stavu, v jak\u00e9m je k dispozici. Nejsme odpov\u011bdn\u00ed za \u017e\u00e1dn\u00e9 nep\u0159\u00edm\u00e9, zvl\u00e1\u0161tn\u00ed, n\u00e1sledn\u00e9 nebo sank\u010dn\u011b nahrazovan\u00e9 \u0161kody. Na\u0161e odpov\u011bdnost je omezena \u010d\u00e1stkou, kterou jste za Slu\u017ebu zaplatili b\u011bhem 12 m\u011bs\u00edc\u016f p\u0159edch\u00e1zej\u00edc\u00edch vzniku n\u00e1roku.<\/p><p> <\/p><h3 class=\"wp-block-heading\">16. <strong>Kontaktov\u00e1n\u00ed Linkbuildingczechrepublic.cz<\/strong><\/h3><p> <\/p><p>V p\u0159\u00edpad\u011b jak\u00fdchkoli dotaz\u016f nebo obav n\u00e1s kontaktujte na adrese:<\/p><p> <\/p><p>Kontaktn\u00ed formul\u00e1\u0159<\/p><p> <\/p><h3 class=\"wp-block-heading\">17. <strong>\u00dapravy podm\u00ednek<\/strong><\/h3><p> <\/p><p>Tyto podm\u00ednky m\u016f\u017eeme kdykoli zm\u011bnit. Zm\u011bny budou zve\u0159ejn\u011bny na t\u00e9to str\u00e1nce a aktualizovan\u00e1 verze vstoup\u00ed v platnost sedm dn\u00ed po zve\u0159ejn\u011bn\u00ed. Dal\u0161\u00edm pou\u017e\u00edv\u00e1n\u00edm slu\u017eby vyjad\u0159ujete souhlas s aktualizovan\u00fdmi podm\u00ednkami.<\/p><p><\/p>\t\t\t\t\t\t\t\t<\/div>\n\t\t\t\t<\/div>\n\t\t\t\t\t<\/div>\n\t\t\t\t<\/div>\n\t\t\t\t<\/div>","protected":false},"excerpt":{"rendered":"<p>Smluvn\u00ed podm\u00ednky \u00da\u010dinnost: [vlo\u017ete datum] D\u011bkujeme v\u00e1m, \u017ee pou\u017e\u00edv\u00e1te na\u0161e produkty a slu\u017eby (\"slu\u017eba\"). Slu\u017ebu poskytuje [n\u00e1zev spole\u010dnosti], (d\u00e1le jen \"my\", \"n\u00e1s\" nebo \"na\u0161e\"), se s\u00eddlem na adrese [vlo\u017ete adresu], \u010cesk\u00e1 republika. Pou\u017e\u00edv\u00e1n\u00edm...<\/p>","protected":false},"author":1,"featured_media":0,"parent":0,"menu_order":0,"comment_status":"closed","ping_status":"closed","template":"template-parts\/template-page-builders.php","meta":{"footnotes":""},"class_list":["post-1534","page","type-page","status-publish","hentry"],"_links":{"self":[{"href":"https:\/\/linkbuildingczechrepublic.cz\/cs\/wp-json\/wp\/v2\/pages\/1534","targetHints":{"allow":["GET"]}}],"collection":[{"href":"https:\/\/linkbuildingczechrepublic.cz\/cs\/wp-json\/wp\/v2\/pages"}],"about":[{"href":"https:\/\/linkbuildingczechrepublic.cz\/cs\/wp-json\/wp\/v2\/types\/page"}],"author":[{"embeddable":true,"href":"https:\/\/linkbuildingczechrepublic.cz\/cs\/wp-json\/wp\/v2\/users\/1"}],"replies":[{"embeddable":true,"href":"https:\/\/linkbuildingczechrepublic.cz\/cs\/wp-json\/wp\/v2\/comments?post=1534"}],"version-history":[{"count":4,"href":"https:\/\/linkbuildingczechrepublic.cz\/cs\/wp-json\/wp\/v2\/pages\/1534\/revisions"}],"predecessor-version":[{"id":1540,"href":"https:\/\/linkbuildingczechrepublic.cz\/cs\/wp-json\/wp\/v2\/pages\/1534\/revisions\/1540"}],"wp:attachment":[{"href":"https:\/\/linkbuildingczechrepublic.cz\/cs\/wp-json\/wp\/v2\/media?parent=1534"}],"curies":[{"name":"wp","href":"https:\/\/api.w.org\/{rel}","templated":true}]}}